{"id":337,"date":"2017-11-06T12:09:29","date_gmt":"2017-11-06T12:09:29","guid":{"rendered":"http:\/\/sintranspar.com.br\/?page_id=337"},"modified":"2022-01-28T13:43:25","modified_gmt":"2022-01-28T13:43:25","slug":"home-page","status":"publish","type":"page","link":"https:\/\/sintranspar.com.br\/","title":{"rendered":""},"content":{"rendered":"<figure id=\"attachment_631\" aria-describedby=\"caption-attachment-631\" style=\"width: 431px\" class=\"wp-caption alignnone\"><img loading=\"lazy\" decoding=\"async\" class=\"size-full wp-image-631\" src=\"https:\/\/sintranspar.com.br\/wp-content\/uploads\/2017\/11\/789.png\" alt=\"\" width=\"431\" height=\"560\" srcset=\"https:\/\/sintranspar.com.br\/wp-content\/uploads\/2017\/11\/789.png 431w, https:\/\/sintranspar.com.br\/wp-content\/uploads\/2017\/11\/789-231x300.png 231w\" sizes=\"auto, (max-width: 431px) 100vw, 431px\" \/><figcaption id=\"caption-attachment-631\" class=\"wp-caption-text\">Edital de Convoca\u00e7\u00e3o para Assembl\u00e9ia que ocorrer\u00e1 no dia 12\/07\/2021<\/figcaption><\/figure>\n<p><img loading=\"lazy\" decoding=\"async\" class=\"alignnone size-full wp-image-574\" src=\"https:\/\/sintranspar.com.br\/wp-content\/uploads\/2017\/11\/Edital-SINTRANSPAR-1.jpg\" alt=\"\" width=\"2410\" height=\"3437\" srcset=\"https:\/\/sintranspar.com.br\/wp-content\/uploads\/2017\/11\/Edital-SINTRANSPAR-1.jpg 2410w, https:\/\/sintranspar.com.br\/wp-content\/uploads\/2017\/11\/Edital-SINTRANSPAR-1-210x300.jpg 210w, https:\/\/sintranspar.com.br\/wp-content\/uploads\/2017\/11\/Edital-SINTRANSPAR-1-768x1095.jpg 768w, https:\/\/sintranspar.com.br\/wp-content\/uploads\/2017\/11\/Edital-SINTRANSPAR-1-718x1024.jpg 718w\" sizes=\"auto, (max-width: 2410px) 100vw, 2410px\" \/><\/p>\n","protected":false},"excerpt":{"rendered":"","protected":false},"author":1,"featured_media":0,"parent":0,"menu_order":0,"comment_status":"closed","ping_status":"closed","template":"template-homepage.php","meta":{"footnotes":""},"class_list":["post-337","page","type-page","status-publish","hentry"],"_links":{"self":[{"href":"https:\/\/sintranspar.com.br\/index.php\/wp-json\/wp\/v2\/pages\/337","targetHints":{"allow":["GET"]}}],"collection":[{"href":"https:\/\/sintranspar.com.br\/index.php\/wp-json\/wp\/v2\/pages"}],"about":[{"href":"https:\/\/sintranspar.com.br\/index.php\/wp-json\/wp\/v2\/types\/page"}],"author":[{"embeddable":true,"href":"https:\/\/sintranspar.com.br\/index.php\/wp-json\/wp\/v2\/users\/1"}],"replies":[{"embeddable":true,"href":"https:\/\/sintranspar.com.br\/index.php\/wp-json\/wp\/v2\/comments?post=337"}],"version-history":[{"count":9,"href":"https:\/\/sintranspar.com.br\/index.php\/wp-json\/wp\/v2\/pages\/337\/revisions"}],"predecessor-version":[{"id":655,"href":"https:\/\/sintranspar.com.br\/index.php\/wp-json\/wp\/v2\/pages\/337\/revisions\/655"}],"wp:attachment":[{"href":"https:\/\/sintranspar.com.br\/index.php\/wp-json\/wp\/v2\/media?parent=337"}],"curies":[{"name":"wp","href":"https:\/\/api.w.org\/{rel}","templated":true}]}}