{"id":312,"date":"2017-11-01T16:49:37","date_gmt":"2017-11-01T16:49:37","guid":{"rendered":"http:\/\/sintranspar.com.br\/?page_id=312"},"modified":"2021-06-30T16:27:39","modified_gmt":"2021-06-30T16:27:39","slug":"fotos","status":"publish","type":"page","link":"https:\/\/sintranspar.com.br\/index.php\/fotos\/","title":{"rendered":"Fotos"},"content":{"rendered":"<figure id=\"attachment_625\" aria-describedby=\"caption-attachment-625\" style=\"width: 700px\" class=\"wp-caption alignnone\"><img loading=\"lazy\" decoding=\"async\" class=\"size-full wp-image-625\" src=\"https:\/\/sintranspar.com.br\/wp-content\/uploads\/2017\/11\/Interclube-Emkt-GNDISul.png\" alt=\"\" width=\"700\" height=\"700\" srcset=\"https:\/\/sintranspar.com.br\/wp-content\/uploads\/2017\/11\/Interclube-Emkt-GNDISul.png 700w, https:\/\/sintranspar.com.br\/wp-content\/uploads\/2017\/11\/Interclube-Emkt-GNDISul-150x150.png 150w, https:\/\/sintranspar.com.br\/wp-content\/uploads\/2017\/11\/Interclube-Emkt-GNDISul-300x300.png 300w\" sizes=\"auto, (max-width: 700px) 100vw, 700px\" \/><figcaption id=\"caption-attachment-625\" class=\"wp-caption-text\">Confira os descontos oferecidos pelo nosso plano de sa\u00fade.<\/figcaption><\/figure>\n<p>&nbsp;<\/p>\n<figure id=\"attachment_605\" aria-describedby=\"caption-attachment-605\" style=\"width: 1019px\" class=\"wp-caption alignnone\"><img loading=\"lazy\" decoding=\"async\" class=\"size-full wp-image-605\" src=\"https:\/\/sintranspar.com.br\/wp-content\/uploads\/2017\/11\/233ebe13-46b4-42b6-bc1c-89ab50e55d2e.jpg\" alt=\"\" width=\"1019\" height=\"715\" srcset=\"https:\/\/sintranspar.com.br\/wp-content\/uploads\/2017\/11\/233ebe13-46b4-42b6-bc1c-89ab50e55d2e.jpg 1019w, https:\/\/sintranspar.com.br\/wp-content\/uploads\/2017\/11\/233ebe13-46b4-42b6-bc1c-89ab50e55d2e-300x211.jpg 300w, https:\/\/sintranspar.com.br\/wp-content\/uploads\/2017\/11\/233ebe13-46b4-42b6-bc1c-89ab50e55d2e-768x539.jpg 768w\" sizes=\"auto, (max-width: 1019px) 100vw, 1019px\" \/><figcaption id=\"caption-attachment-605\" class=\"wp-caption-text\">M\u00e3es s\u00e3o uma fonte inesgot\u00e1vel de for\u00e7a e amor. Elas enfrentam qualquer batalha quando precisam proteger seus filhos. Desejamos a todas as m\u00e3es um parab\u00e9ns pelo seu dia!<\/figcaption><\/figure>\n<p>&nbsp;<\/p>\n<figure id=\"attachment_585\" aria-describedby=\"caption-attachment-585\" style=\"width: 1024px\" class=\"wp-caption alignnone\"><img loading=\"lazy\" decoding=\"async\" class=\"size-full wp-image-585\" src=\"https:\/\/sintranspar.com.br\/wp-content\/uploads\/2017\/11\/76ca7d47-b1aa-40ae-9718-b9eaca8ec767.jpg\" alt=\"\" width=\"1024\" height=\"576\" srcset=\"https:\/\/sintranspar.com.br\/wp-content\/uploads\/2017\/11\/76ca7d47-b1aa-40ae-9718-b9eaca8ec767.jpg 1024w, https:\/\/sintranspar.com.br\/wp-content\/uploads\/2017\/11\/76ca7d47-b1aa-40ae-9718-b9eaca8ec767-300x169.jpg 300w, https:\/\/sintranspar.com.br\/wp-content\/uploads\/2017\/11\/76ca7d47-b1aa-40ae-9718-b9eaca8ec767-768x432.jpg 768w\" sizes=\"auto, (max-width: 1024px) 100vw, 1024px\" \/><figcaption id=\"caption-attachment-585\" class=\"wp-caption-text\">Plano LifeDay foi comprado pelo grupo NotreDame Interm\u00e9dica, que tamb\u00e9m s\u00e3o donos da Clinipam.<\/figcaption><\/figure>\n<figure id=\"attachment_566\" aria-describedby=\"caption-attachment-566\" style=\"width: 896px\" class=\"wp-caption alignnone\"><img loading=\"lazy\" decoding=\"async\" class=\"size-full wp-image-566\" src=\"https:\/\/sintranspar.com.br\/wp-content\/uploads\/2017\/11\/9b3c58c1-6577-400f-a4f8-7d5f601a747a.jpg\" alt=\"\" width=\"896\" height=\"907\" srcset=\"https:\/\/sintranspar.com.br\/wp-content\/uploads\/2017\/11\/9b3c58c1-6577-400f-a4f8-7d5f601a747a.jpg 896w, https:\/\/sintranspar.com.br\/wp-content\/uploads\/2017\/11\/9b3c58c1-6577-400f-a4f8-7d5f601a747a-296x300.jpg 296w, https:\/\/sintranspar.com.br\/wp-content\/uploads\/2017\/11\/9b3c58c1-6577-400f-a4f8-7d5f601a747a-768x777.jpg 768w\" sizes=\"auto, (max-width: 896px) 100vw, 896px\" \/><figcaption id=\"caption-attachment-566\" class=\"wp-caption-text\">No dia 16 de Fevereiro de 2021, os Vereadores aprovaram na Sede da C\u00e2mara de Vereadores de Araquari o projeto que fornece reajuste aos Servidores P\u00fablicos Municipais do Magist\u00e9rio em 4,52%, Agentes Comunit\u00e1rias de Sa\u00fade 10,70% e Servidores em Geral 7,40%.<\/figcaption><\/figure>\n<p>&nbsp;<\/p>\n<figure id=\"attachment_555\" aria-describedby=\"caption-attachment-555\" style=\"width: 1156px\" class=\"wp-caption alignnone\"><img loading=\"lazy\" decoding=\"async\" class=\"size-full wp-image-555\" src=\"https:\/\/sintranspar.com.br\/wp-content\/uploads\/2017\/11\/1b8c88d6-fae0-49d2-ad27-0cd7bda65278.jpg\" alt=\"\" width=\"1156\" height=\"867\" srcset=\"https:\/\/sintranspar.com.br\/wp-content\/uploads\/2017\/11\/1b8c88d6-fae0-49d2-ad27-0cd7bda65278.jpg 1156w, https:\/\/sintranspar.com.br\/wp-content\/uploads\/2017\/11\/1b8c88d6-fae0-49d2-ad27-0cd7bda65278-300x225.jpg 300w, https:\/\/sintranspar.com.br\/wp-content\/uploads\/2017\/11\/1b8c88d6-fae0-49d2-ad27-0cd7bda65278-768x576.jpg 768w, https:\/\/sintranspar.com.br\/wp-content\/uploads\/2017\/11\/1b8c88d6-fae0-49d2-ad27-0cd7bda65278-1024x768.jpg 1024w\" sizes=\"auto, (max-width: 1156px) 100vw, 1156px\" \/><figcaption id=\"caption-attachment-555\" class=\"wp-caption-text\">Hoje, dia 15 de Fevereiro de 2021 \u00e9 dia de Negocia\u00e7\u00e3o Salarial com a Administra\u00e7\u00e3o. Nosso objetivo aqui \u00e9 melhorar um pouco mais a qualidade de vida do nosso Servidor P\u00fablico.<\/figcaption><\/figure>\n<figure id=\"attachment_539\" aria-describedby=\"caption-attachment-539\" style=\"width: 1280px\" class=\"wp-caption alignnone\"><img loading=\"lazy\" decoding=\"async\" class=\"size-full wp-image-539\" src=\"https:\/\/sintranspar.com.br\/wp-content\/uploads\/2017\/11\/WhatsApp-Image-2021-02-10-at-15.48.14.jpeg\" alt=\"\" width=\"1280\" height=\"958\" srcset=\"https:\/\/sintranspar.com.br\/wp-content\/uploads\/2017\/11\/WhatsApp-Image-2021-02-10-at-15.48.14.jpeg 1280w, https:\/\/sintranspar.com.br\/wp-content\/uploads\/2017\/11\/WhatsApp-Image-2021-02-10-at-15.48.14-300x225.jpeg 300w, https:\/\/sintranspar.com.br\/wp-content\/uploads\/2017\/11\/WhatsApp-Image-2021-02-10-at-15.48.14-768x575.jpeg 768w, https:\/\/sintranspar.com.br\/wp-content\/uploads\/2017\/11\/WhatsApp-Image-2021-02-10-at-15.48.14-1024x766.jpeg 1024w\" sizes=\"auto, (max-width: 1280px) 100vw, 1280px\" \/><figcaption id=\"caption-attachment-539\" class=\"wp-caption-text\">No dia 10 de fevereiro de 2021, os integrantes da comiss\u00e3o de negocia\u00e7\u00e3o salarial reuniram-se na Sede do Sindicato \u00e0s 15h00 para estudo da pauta e finaliza\u00e7\u00e3o do documento para protocolo no Gabinete do Prefeito Municipal.<\/figcaption><\/figure>\n","protected":false},"excerpt":{"rendered":"<p>&nbsp; &nbsp; &nbsp;<\/p>\n","protected":false},"author":1,"featured_media":0,"parent":0,"menu_order":2,"comment_status":"closed","ping_status":"closed","template":"","meta":{"footnotes":""},"class_list":["post-312","page","type-page","status-publish","hentry"],"_links":{"self":[{"href":"https:\/\/sintranspar.com.br\/index.php\/wp-json\/wp\/v2\/pages\/312","targetHints":{"allow":["GET"]}}],"collection":[{"href":"https:\/\/sintranspar.com.br\/index.php\/wp-json\/wp\/v2\/pages"}],"about":[{"href":"https:\/\/sintranspar.com.br\/index.php\/wp-json\/wp\/v2\/types\/page"}],"author":[{"embeddable":true,"href":"https:\/\/sintranspar.com.br\/index.php\/wp-json\/wp\/v2\/users\/1"}],"replies":[{"embeddable":true,"href":"https:\/\/sintranspar.com.br\/index.php\/wp-json\/wp\/v2\/comments?post=312"}],"version-history":[{"count":10,"href":"https:\/\/sintranspar.com.br\/index.php\/wp-json\/wp\/v2\/pages\/312\/revisions"}],"predecessor-version":[{"id":626,"href":"https:\/\/sintranspar.com.br\/index.php\/wp-json\/wp\/v2\/pages\/312\/revisions\/626"}],"wp:attachment":[{"href":"https:\/\/sintranspar.com.br\/index.php\/wp-json\/wp\/v2\/media?parent=312"}],"curies":[{"name":"wp","href":"https:\/\/api.w.org\/{rel}","templated":true}]}}