{"id":310,"date":"2017-11-01T16:49:19","date_gmt":"2017-11-01T16:49:19","guid":{"rendered":"http:\/\/sintranspar.com.br\/?page_id=310"},"modified":"2025-08-14T12:05:18","modified_gmt":"2025-08-14T12:05:18","slug":"convenios","status":"publish","type":"page","link":"https:\/\/sintranspar.com.br\/index.php\/convenios\/","title":{"rendered":"Conv\u00eanios"},"content":{"rendered":"<p>&nbsp;<\/p>\n<p><strong>Plano de Sa\u00fade LEVMED<\/strong><\/p>\n<p><img loading=\"lazy\" decoding=\"async\" class=\"alignnone size-full wp-image-702\" src=\"https:\/\/sintranspar.com.br\/wp-content\/uploads\/2017\/11\/Capturar.jpg\" alt=\"\" width=\"635\" height=\"514\" srcset=\"https:\/\/sintranspar.com.br\/wp-content\/uploads\/2017\/11\/Capturar.jpg 635w, https:\/\/sintranspar.com.br\/wp-content\/uploads\/2017\/11\/Capturar-300x243.jpg 300w\" sizes=\"auto, (max-width: 635px) 100vw, 635px\" \/><\/p>\n<p><strong>G\u00e1s e \u00c1gua \u2013 Centro e Regi\u00e3o<\/strong><\/p>\n<p><img loading=\"lazy\" decoding=\"async\" class=\"alignnone wp-image-533\" src=\"https:\/\/sintranspar.com.br\/wp-content\/uploads\/2017\/11\/0c0b2812-3f98-4143-a49f-462d23492086.jpg\" alt=\"\" width=\"298\" height=\"281\" srcset=\"https:\/\/sintranspar.com.br\/wp-content\/uploads\/2017\/11\/0c0b2812-3f98-4143-a49f-462d23492086.jpg 1125w, https:\/\/sintranspar.com.br\/wp-content\/uploads\/2017\/11\/0c0b2812-3f98-4143-a49f-462d23492086-300x283.jpg 300w, https:\/\/sintranspar.com.br\/wp-content\/uploads\/2017\/11\/0c0b2812-3f98-4143-a49f-462d23492086-768x725.jpg 768w, https:\/\/sintranspar.com.br\/wp-content\/uploads\/2017\/11\/0c0b2812-3f98-4143-a49f-462d23492086-1024x967.jpg 1024w\" sizes=\"auto, (max-width: 298px) 100vw, 298px\" \/><\/p>\n<p><strong>RomCard \u2013 Cart\u00e3o de Cr\u00e9dito para desconto em folha<\/strong><\/p>\n<p><img loading=\"lazy\" decoding=\"async\" class=\"alignnone wp-image-535\" src=\"https:\/\/sintranspar.com.br\/wp-content\/uploads\/2017\/11\/RomCard-Lian-200.png\" alt=\"\" width=\"218\" height=\"154\" \/><\/p>\n<p><strong>Atendimentos Odontol\u00f3gicos<\/strong><\/p>\n<p><strong><u>Dra Michele Karina Fuchter<\/u><\/strong><br \/>\nEndere\u00e7o: Rua Rio Tocantins, 628-728 &#8211; Itinga, Araquari &#8211; SC, 89245-000<\/p>\n<p>Telefone: (47) 3454-8489<\/p>\n<p>&nbsp;<\/p>\n<p><strong><u>Odonto Vargas<\/u><\/strong><\/p>\n<p>Endere\u00e7o: R. Bom Jesus, 253 &#8211; Centro, Araquari &#8211; SC, 89245-000<\/p>\n<p>Telefone: (47) 3433-5662<\/p>\n<p>&nbsp;<\/p>\n<p><strong><u>Miquelute e Xavier Material de Constru\u00e7\u00e3o<\/u><\/strong><\/p>\n<p>Endere\u00e7o: ROD A280A 6785 &#8211; Itinga, Araquari &#8211; SC, 89245-000<\/p>\n<p>Hor\u00e1rio:<\/p>\n<p>Aberto \u22c5 Fecha \u00e0s 18:00<\/p>\n<p>Telefone: (47) 3465-0291<\/p>\n","protected":false},"excerpt":{"rendered":"<p>&nbsp; Plano de Sa\u00fade LEVMED G\u00e1s e \u00c1gua \u2013 Centro e Regi\u00e3o RomCard \u2013 Cart\u00e3o de Cr\u00e9dito para desconto em folha Atendimentos Odontol\u00f3gicos Dra Michele Karina Fuchter Endere\u00e7o: Rua Rio Tocantins, 628-728 &#8211; Itinga, Araquari &#8211; SC, 89245-000 Telefone: (47) 3454-8489 &nbsp; Odonto Vargas Endere\u00e7o: R. Bom Jesus, 253 &#8211; Centro, Araquari &#8211; SC, 89245-000<br \/><a class=\"read-more\" href=\"https:\/\/sintranspar.com.br\/index.php\/convenios\/\">Continue Lendo<\/a><\/p>\n","protected":false},"author":1,"featured_media":0,"parent":0,"menu_order":1,"comment_status":"closed","ping_status":"closed","template":"","meta":{"footnotes":""},"class_list":["post-310","page","type-page","status-publish","hentry"],"_links":{"self":[{"href":"https:\/\/sintranspar.com.br\/index.php\/wp-json\/wp\/v2\/pages\/310","targetHints":{"allow":["GET"]}}],"collection":[{"href":"https:\/\/sintranspar.com.br\/index.php\/wp-json\/wp\/v2\/pages"}],"about":[{"href":"https:\/\/sintranspar.com.br\/index.php\/wp-json\/wp\/v2\/types\/page"}],"author":[{"embeddable":true,"href":"https:\/\/sintranspar.com.br\/index.php\/wp-json\/wp\/v2\/users\/1"}],"replies":[{"embeddable":true,"href":"https:\/\/sintranspar.com.br\/index.php\/wp-json\/wp\/v2\/comments?post=310"}],"version-history":[{"count":11,"href":"https:\/\/sintranspar.com.br\/index.php\/wp-json\/wp\/v2\/pages\/310\/revisions"}],"predecessor-version":[{"id":856,"href":"https:\/\/sintranspar.com.br\/index.php\/wp-json\/wp\/v2\/pages\/310\/revisions\/856"}],"wp:attachment":[{"href":"https:\/\/sintranspar.com.br\/index.php\/wp-json\/wp\/v2\/media?parent=310"}],"curies":[{"name":"wp","href":"https:\/\/api.w.org\/{rel}","templated":true}]}}