{"id":308,"date":"2017-11-01T16:48:58","date_gmt":"2017-11-01T16:48:58","guid":{"rendered":"http:\/\/sintranspar.com.br\/?page_id=308"},"modified":"2021-04-06T12:10:06","modified_gmt":"2021-04-06T12:10:06","slug":"inicio","status":"publish","type":"page","link":"https:\/\/sintranspar.com.br\/index.php\/inicio\/","title":{"rendered":"Inicio"},"content":{"rendered":"<figure id=\"attachment_589\" aria-describedby=\"caption-attachment-589\" style=\"width: 927px\" class=\"wp-caption alignnone\"><img loading=\"lazy\" decoding=\"async\" class=\"size-full wp-image-589\" src=\"https:\/\/sintranspar.com.br\/wp-content\/uploads\/2017\/11\/cf287b03-feaa-4259-b82d-3fc691eb3149.jpg\" alt=\"\" width=\"927\" height=\"1280\" \/><figcaption id=\"caption-attachment-589\" class=\"wp-caption-text\">Tabela de Valores do Plano de Sa\u00fade GNDiSul para o ano de 2021.<\/figcaption><\/figure>\n<p>&nbsp;<\/p>\n<figure id=\"attachment_587\" aria-describedby=\"caption-attachment-587\" style=\"width: 1024px\" class=\"wp-caption alignnone\"><img loading=\"lazy\" decoding=\"async\" class=\"size-full wp-image-587\" src=\"https:\/\/sintranspar.com.br\/wp-content\/uploads\/2017\/11\/76ca7d47-b1aa-40ae-9718-b9eaca8ec767-1.jpg\" alt=\"\" width=\"1024\" height=\"576\" srcset=\"https:\/\/sintranspar.com.br\/wp-content\/uploads\/2017\/11\/76ca7d47-b1aa-40ae-9718-b9eaca8ec767-1.jpg 1024w, https:\/\/sintranspar.com.br\/wp-content\/uploads\/2017\/11\/76ca7d47-b1aa-40ae-9718-b9eaca8ec767-1-300x169.jpg 300w, https:\/\/sintranspar.com.br\/wp-content\/uploads\/2017\/11\/76ca7d47-b1aa-40ae-9718-b9eaca8ec767-1-768x432.jpg 768w\" sizes=\"auto, (max-width: 1024px) 100vw, 1024px\" \/><figcaption id=\"caption-attachment-587\" class=\"wp-caption-text\">Plano LifeDay foi comprado pelo grupo NotreDame Interm\u00e9dica, que tamb\u00e9m s\u00e3o donos da Clinipam.<\/figcaption><\/figure>\n","protected":false},"excerpt":{"rendered":"<p>&nbsp;<\/p>\n","protected":false},"author":1,"featured_media":0,"parent":0,"menu_order":0,"comment_status":"closed","ping_status":"closed","template":"","meta":{"footnotes":""},"class_list":["post-308","page","type-page","status-publish","hentry"],"_links":{"self":[{"href":"https:\/\/sintranspar.com.br\/index.php\/wp-json\/wp\/v2\/pages\/308","targetHints":{"allow":["GET"]}}],"collection":[{"href":"https:\/\/sintranspar.com.br\/index.php\/wp-json\/wp\/v2\/pages"}],"about":[{"href":"https:\/\/sintranspar.com.br\/index.php\/wp-json\/wp\/v2\/types\/page"}],"author":[{"embeddable":true,"href":"https:\/\/sintranspar.com.br\/index.php\/wp-json\/wp\/v2\/users\/1"}],"replies":[{"embeddable":true,"href":"https:\/\/sintranspar.com.br\/index.php\/wp-json\/wp\/v2\/comments?post=308"}],"version-history":[{"count":6,"href":"https:\/\/sintranspar.com.br\/index.php\/wp-json\/wp\/v2\/pages\/308\/revisions"}],"predecessor-version":[{"id":591,"href":"https:\/\/sintranspar.com.br\/index.php\/wp-json\/wp\/v2\/pages\/308\/revisions\/591"}],"wp:attachment":[{"href":"https:\/\/sintranspar.com.br\/index.php\/wp-json\/wp\/v2\/media?parent=308"}],"curies":[{"name":"wp","href":"https:\/\/api.w.org\/{rel}","templated":true}]}}